{"id":119,"date":"2022-06-29T15:45:07","date_gmt":"2022-06-29T18:45:07","guid":{"rendered":"https:\/\/casaeletricamoc.com.br\/novo\/?page_id=119"},"modified":"2022-07-06T09:14:44","modified_gmt":"2022-07-06T12:14:44","slug":"quem-somos","status":"publish","type":"page","link":"https:\/\/casaeletricamoc.com.br\/novo\/quem-somos\/","title":{"rendered":"Quem Somos"},"content":{"rendered":"\t\t<div data-elementor-type=\"wp-page\" data-elementor-id=\"119\" class=\"elementor elementor-119\">\n\t\t\t\t\t\t\t\t\t<section class=\"elementor-section elementor-top-section elementor-element elementor-element-bb7d753 elementor-section-boxed elementor-section-height-default elementor-section-height-default\" data-id=\"bb7d753\" data-element_type=\"section\">\n\t\t\t\t\t\t<div class=\"elementor-container elementor-column-gap-default\">\n\t\t\t\t\t<div class=\"elementor-column elementor-col-100 elementor-top-column elementor-element elementor-element-3004274\" data-id=\"3004274\" data-element_type=\"column\">\n\t\t\t<div class=\"elementor-widget-wrap elementor-element-populated\">\n\t\t\t\t\t\t\t\t<div class=\"elementor-element elementor-element-e2885ed elementor-widget elementor-widget-text-editor\" data-id=\"e2885ed\" data-element_type=\"widget\" data-widget_type=\"text-editor.default\">\n\t\t\t\t<div class=\"elementor-widget-container\">\n\t\t\t<style>\/*! elementor - v3.6.6 - 08-06-2022 *\/\n.elementor-widget-text-editor.elementor-drop-cap-view-stacked .elementor-drop-cap{background-color:#818a91;color:#fff}.elementor-widget-text-editor.elementor-drop-cap-view-framed .elementor-drop-cap{color:#818a91;border:3px solid;background-color:transparent}.elementor-widget-text-editor:not(.elementor-drop-cap-view-default) .elementor-drop-cap{margin-top:8px}.elementor-widget-text-editor:not(.elementor-drop-cap-view-default) .elementor-drop-cap-letter{width:1em;height:1em}.elementor-widget-text-editor .elementor-drop-cap{float:left;text-align:center;line-height:1;font-size:50px}.elementor-widget-text-editor .elementor-drop-cap-letter{display:inline-block}<\/style>\t\t\t\t<p style=\"text-indent: 35.4pt;\"><span style=\"font-size: 12.0pt; font-family: 'Verdana','sans-serif'; mso-fareast-language: PT-BR;\">A <strong>Casa El\u00e9trica<\/strong>\u00a0\u00e9 uma empresa de Engenharia El\u00e9trica, que atua h\u00e1 mais de 10 anos em Montes\u00a0Claros e Regi\u00e3o. Contamos com uma equipe de engenheiros e t\u00e9cnicos experientes, altamente capacitados, buscando aperfei\u00e7oamento e qualifica\u00e7\u00e3o para atender as\u00a0demandas dos mais variados segmentos no mercado de engenharia el\u00e9trica.<\/span><\/p><p style=\"text-indent: 35.4pt;\"><span style=\"font-size: 12.0pt; font-family: 'Verdana','sans-serif'; mso-fareast-language: PT-BR;\">Atrav\u00e9s do nosso\u00a0departamento de engenharia, oferecemos amplo suporte na \u00e1rea de projetos e presta\u00e7\u00e3o de servi\u00e7os el\u00e9tricos dentro das normas t\u00e9cnicas e reguladoras para\u00a0atender com seguran\u00e7a e efici\u00eancia a sua empresa.<\/span><\/p><p style=\"text-indent: 35.4pt;\"><span style=\"text-indent: 35.4pt; color: var( --e-global-color-text ); font-weight: var( --e-global-typography-text-font-weight ); font-size: 12pt; font-family: Verdana, 'sans-serif';\">Atuamos no\u00a0fornecimento de energia ininterrupta, vendas de Nobreaks, Baterias<\/span><span style=\"text-indent: 35.4pt; color: var( --e-global-color-text ); font-weight: var( --e-global-typography-text-font-weight ); font-size: 12pt; font-family: Verdana, 'sans-serif';\"> VRLA e Estacion\u00e1rias,<\/span><span style=\"text-indent: 35.4pt; color: var( --e-global-color-text ); font-weight: var( --e-global-typography-text-font-weight ); font-size: 12pt; font-family: Verdana, 'sans-serif';\"> Ativa\u00e7\u00f5es, loca\u00e7\u00f5es, Manuten\u00e7\u00e3o Preventiva e corretiva em Nobreaks.<\/span><\/p><p style=\"text-indent: 35.4pt;\"><span style=\"font-size: 12.0pt; font-family: 'Verdana','sans-serif'; mso-fareast-language: PT-BR;\">\u00a0<\/span><\/p><p style=\"margin-bottom: 19.2pt; text-align: center; line-height: normal; background-image: initial; background-position: initial; background-size: initial; background-repeat: initial; background-attachment: initial; background-origin: initial; background-clip: initial; vertical-align: baseline;\" align=\"center\"><i><span style=\"font-size: 12.0pt; font-family: 'Times New Roman','serif'; mso-fareast-font-family: 'Times New Roman'; mso-fareast-language: PT-BR;\">Nosso maior diferencial \u00e9 a agilidade, comprometimento e organiza\u00e7\u00e3o,<br \/>prestando um atendimento personalizado ao cliente com garantia e seguran\u00e7a.<\/span><\/i><\/p>\t\t\t\t\t\t<\/div>\n\t\t\t\t<\/div>\n\t\t\t\t\t<\/div>\n\t\t<\/div>\n\t\t\t\t\t\t\t<\/div>\n\t\t<\/section>\n\t\t\t\t<section class=\"elementor-section elementor-top-section elementor-element elementor-element-a7573b8 elementor-section-boxed elementor-section-height-default elementor-section-height-default\" data-id=\"a7573b8\" data-element_type=\"section\">\n\t\t\t\t\t\t<div class=\"elementor-container elementor-column-gap-default\">\n\t\t\t\t\t<div class=\"elementor-column elementor-col-100 elementor-top-column elementor-element elementor-element-afef325\" data-id=\"afef325\" data-element_type=\"column\">\n\t\t\t<div class=\"elementor-widget-wrap elementor-element-populated\">\n\t\t\t\t\t\t\t\t<div class=\"elementor-element elementor-element-fe7593e elementor-widget elementor-widget-image\" data-id=\"fe7593e\" data-element_type=\"widget\" data-widget_type=\"image.default\">\n\t\t\t\t<div class=\"elementor-widget-container\">\n\t\t\t<style>\/*! elementor - v3.6.6 - 08-06-2022 *\/\n.elementor-widget-image{text-align:center}.elementor-widget-image a{display:inline-block}.elementor-widget-image a img[src$=\".svg\"]{width:48px}.elementor-widget-image img{vertical-align:middle;display:inline-block}<\/style>\t\t\t\t\t\t\t\t\t\t\t\t<img loading=\"lazy\" decoding=\"async\" width=\"300\" height=\"268\" src=\"https:\/\/casaeletricamoc.com.br\/novo\/wp-content\/uploads\/2022\/06\/logo03-300x268.png\" class=\"attachment-medium size-medium\" alt=\"\" srcset=\"https:\/\/casaeletricamoc.com.br\/novo\/wp-content\/uploads\/2022\/06\/logo03-300x268.png 300w, https:\/\/casaeletricamoc.com.br\/novo\/wp-content\/uploads\/2022\/06\/logo03-1024x913.png 1024w, https:\/\/casaeletricamoc.com.br\/novo\/wp-content\/uploads\/2022\/06\/logo03-768x685.png 768w, https:\/\/casaeletricamoc.com.br\/novo\/wp-content\/uploads\/2022\/06\/logo03.png 1230w\" sizes=\"auto, (max-width: 300px) 100vw, 300px\" \/>\t\t\t\t\t\t\t\t\t\t\t\t\t\t\t<\/div>\n\t\t\t\t<\/div>\n\t\t\t\t\t<\/div>\n\t\t<\/div>\n\t\t\t\t\t\t\t<\/div>\n\t\t<\/section>\n\t\t\t\t\t\t\t<\/div>\n\t\t","protected":false},"excerpt":{"rendered":"<p>A Casa El\u00e9trica\u00a0\u00e9 uma empresa de Engenharia El\u00e9trica, que atua h\u00e1 mais de 10 anos em Montes\u00a0Claros e Regi\u00e3o. Contamos com uma equipe de engenheiros e t\u00e9cnicos experientes, altamente capacitados, buscando aperfei\u00e7oamento e qualifica\u00e7\u00e3o para atender as\u00a0demandas dos mais variados segmentos no mercado de engenharia el\u00e9trica. Atrav\u00e9s do nosso\u00a0departamento de engenharia, oferecemos amplo suporte na [&hellip;]<\/p>\n","protected":false},"author":1,"featured_media":0,"parent":0,"menu_order":0,"comment_status":"closed","ping_status":"closed","template":"templates\/fullwidth.php","meta":{"footnotes":""},"class_list":["post-119","page","type-page","status-publish","hentry"],"_links":{"self":[{"href":"https:\/\/casaeletricamoc.com.br\/novo\/wp-json\/wp\/v2\/pages\/119","targetHints":{"allow":["GET"]}}],"collection":[{"href":"https:\/\/casaeletricamoc.com.br\/novo\/wp-json\/wp\/v2\/pages"}],"about":[{"href":"https:\/\/casaeletricamoc.com.br\/novo\/wp-json\/wp\/v2\/types\/page"}],"author":[{"embeddable":true,"href":"https:\/\/casaeletricamoc.com.br\/novo\/wp-json\/wp\/v2\/users\/1"}],"replies":[{"embeddable":true,"href":"https:\/\/casaeletricamoc.com.br\/novo\/wp-json\/wp\/v2\/comments?post=119"}],"version-history":[{"count":25,"href":"https:\/\/casaeletricamoc.com.br\/novo\/wp-json\/wp\/v2\/pages\/119\/revisions"}],"predecessor-version":[{"id":179,"href":"https:\/\/casaeletricamoc.com.br\/novo\/wp-json\/wp\/v2\/pages\/119\/revisions\/179"}],"wp:attachment":[{"href":"https:\/\/casaeletricamoc.com.br\/novo\/wp-json\/wp\/v2\/media?parent=119"}],"curies":[{"name":"wp","href":"https:\/\/api.w.org\/{rel}","templated":true}]}}